{"id":1069,"date":"2026-03-11T20:57:56","date_gmt":"2026-03-11T20:57:56","guid":{"rendered":"https:\/\/magnatadosrelogios.com.br\/?page_id=1069"},"modified":"2026-03-19T14:55:59","modified_gmt":"2026-03-19T14:55:59","slug":"politicas-de-devolucao-e-trocas","status":"publish","type":"page","link":"http:\/\/clubedonicho.com.br\/en\/politicas-de-devolucao-e-trocas\/","title":{"rendered":"Pol\u00edticas de Devolu\u00e7\u00e3o e Trocas"},"content":{"rendered":"<div data-elementor-type=\"wp-page\" data-elementor-id=\"1069\" class=\"elementor elementor-1069\" data-elementor-post-type=\"page\">\n\t\t\t\t<div class=\"elementor-element elementor-element-6658f22e e-flex e-con-boxed e-con e-parent\" data-id=\"6658f22e\" data-element_type=\"container\" data-e-type=\"container\">\n\t\t\t\t\t<div class=\"e-con-inner\">\n\t\t\t\t<div class=\"elementor-element elementor-element-32cb76a elementor-widget elementor-widget-heading\" data-id=\"32cb76a\" data-element_type=\"widget\" data-e-type=\"widget\" data-widget_type=\"heading.default\">\n\t\t\t\t\t<h2 class=\"elementor-heading-title elementor-size-default\">Pol\u00edticas de Devolu\u00e7\u00f5es e Trocas \u2013 Clube do Nicho<\/h2>\t\t\t\t<\/div>\n\t\t\t\t<div class=\"elementor-element elementor-element-1e230228 elementor-widget elementor-widget-text-editor\" data-id=\"1e230228\" data-element_type=\"widget\" data-e-type=\"widget\" data-widget_type=\"text-editor.default\">\n\t\t\t\t\t\t\t\t\t\n<p data-start=\"174\" data-end=\"430\">No Clube do Nicho, nos dedicamos a oferecer fragr\u00e2ncias exclusivas de alta qualidade e um atendimento excepcional. Ainda assim, entendemos que podem ocorrer situa\u00e7\u00f5es em que seja necess\u00e1ria a troca ou devolu\u00e7\u00e3o de um produto. Confira abaixo nossa pol\u00edtica:<\/p>\n<h4 class=\"wp-block-heading\" data-start=\"432\" data-end=\"629\"><strong data-start=\"432\" data-end=\"467\">1. Devolu\u00e7\u00e3o por Arrependimento<\/strong><\/h4>\n<p data-start=\"432\" data-end=\"629\">Caso se arrependa da compra, o C\u00f3digo de Defesa do Consumidor assegura o direito de devolu\u00e7\u00e3o no prazo de 7 (sete) dias corridos ap\u00f3s o recebimento do produto.<\/p>\n<p data-start=\"631\" data-end=\"831\">Para que a devolu\u00e7\u00e3o seja aceita, o item deve estar lacrado, sem sinais de uso e nas mesmas condi\u00e7\u00f5es em que foi entregue. Esse direito est\u00e1 garantido pelo artigo 49 do C\u00f3digo de Defesa do Consumidor.<\/p>\n<h4 data-start=\"833\" data-end=\"979\"><strong data-start=\"833\" data-end=\"871\">2. Trocas e Devolu\u00e7\u00f5es por Defeito<\/strong><\/h4>\n<p data-start=\"833\" data-end=\"979\">Aceitamos trocas ou devolu\u00e7\u00f5es de produtos que apresentem defeitos de fabrica\u00e7\u00e3o ou falhas no borrifador.<\/p>\n<p data-start=\"981\" data-end=\"1067\">Nesses casos, o cliente poder\u00e1 optar pela troca do produto ou reembolso do valor pago.<\/p>\n<h4 data-start=\"1069\" data-end=\"1167\"><strong data-start=\"1069\" data-end=\"1095\">3. Itens N\u00e3o Eleg\u00edveis<\/strong><\/h4>\n<p data-start=\"1069\" data-end=\"1167\">N\u00e3o ser\u00e3o aceitos para troca ou devolu\u00e7\u00e3o produtos que tenham sido:<\/p>\n<ul data-start=\"1168\" data-end=\"1220\">\n<li data-section-id=\"1d8e8zj\" data-start=\"1168\" data-end=\"1183\">\n<p data-start=\"1170\" data-end=\"1183\">Deslacrados<\/p>\n<\/li>\n<li data-section-id=\"1h0umna\" data-start=\"1184\" data-end=\"1198\">\n<p data-start=\"1186\" data-end=\"1198\">Utilizados<\/p>\n<\/li>\n<li data-section-id=\"90bixa\" data-start=\"1199\" data-end=\"1220\">\n<p data-start=\"1201\" data-end=\"1220\">Com sinais de uso<\/p>\n<\/li>\n<\/ul>\n<p data-start=\"1222\" data-end=\"1275\">Essas condi\u00e7\u00f5es seguem as diretrizes legais vigentes.<\/p>\n<h4 data-start=\"1277\" data-end=\"1441\"><strong data-start=\"1277\" data-end=\"1317\">4. Como Solicitar Troca ou Devolu\u00e7\u00e3o<\/strong><\/h4>\n<p data-start=\"1277\" data-end=\"1441\">Para iniciar o processo, entre em contato com nosso Servi\u00e7o de Atendimento ao Cliente atrav\u00e9s dos nossos canais oficiais.<\/p>\n<p data-start=\"1443\" data-end=\"1618\">Ap\u00f3s a solicita\u00e7\u00e3o, ser\u00e1 gerada uma etiqueta de log\u00edstica reversa, permitindo o envio do produto pelos Correios, podendo ser realizado pelo titular da compra ou por terceiros.<\/p>\n<h4 data-start=\"1620\" data-end=\"1733\"><strong data-start=\"1620\" data-end=\"1648\">5. Avarias no Transporte<\/strong><\/h4>\n<p data-start=\"1620\" data-end=\"1733\">Caso o produto seja entregue com avarias ou danos, entre em contato imediatamente.<\/p>\n<p data-start=\"1735\" data-end=\"1816\">Ser\u00e1 necess\u00e1rio o envio de fotos do produto e da embalagem original para an\u00e1lise.<\/p>\n<h4 data-start=\"1818\" data-end=\"1973\"><strong data-start=\"1818\" data-end=\"1842\">6. Prazos de An\u00e1lise<\/strong><\/h4>\n<p data-start=\"1818\" data-end=\"1973\">O prazo para an\u00e1lise e conclus\u00e3o da troca ou devolu\u00e7\u00e3o pode variar, mas garantimos agilidade e transpar\u00eancia em todo o processo.<\/p>\n<p data-start=\"1975\" data-end=\"2083\">O Clube do Nicho reserva-se o direito de recusar solicita\u00e7\u00f5es que n\u00e3o atendam aos crit\u00e9rios acima descritos.<\/p>\n<p data-start=\"2085\" data-end=\"2201\">\ud83d\udccc Para mais informa\u00e7\u00f5es sobre envio e prazos de entrega, consulte nossa p\u00e1gina de <strong data-start=\"2168\" data-end=\"2200\">Pol\u00edtica de Prazos e Entrega<\/strong>.<\/p>\t\t\t\t\t\t\t\t<\/div>\n\t\t\t\t\t<\/div>\n\t\t\t\t<\/div>\n\t\t\t\t<\/div>","protected":false},"excerpt":{"rendered":"<p>Pol\u00edticas de Devolu\u00e7\u00f5es e Trocas \u2013 Clube do Nicho No Clube do Nicho, nos dedicamos a oferecer fragr\u00e2ncias exclusivas de alta qualidade e um atendimento excepcional. Ainda assim, entendemos que podem ocorrer situa\u00e7\u00f5es em que seja necess\u00e1ria a troca ou devolu\u00e7\u00e3o de um produto. Confira abaixo nossa pol\u00edtica: 1. Devolu\u00e7\u00e3o por Arrependimento Caso se arrependa [&hellip;]<\/p>\n","protected":false},"author":1,"featured_media":0,"parent":0,"menu_order":0,"comment_status":"closed","ping_status":"closed","template":"elementor_header_footer","meta":{"footnotes":""},"class_list":["post-1069","page","type-page","status-publish","hentry"],"_links":{"self":[{"href":"http:\/\/clubedonicho.com.br\/en\/wp-json\/wp\/v2\/pages\/1069","targetHints":{"allow":["GET"]}}],"collection":[{"href":"http:\/\/clubedonicho.com.br\/en\/wp-json\/wp\/v2\/pages"}],"about":[{"href":"http:\/\/clubedonicho.com.br\/en\/wp-json\/wp\/v2\/types\/page"}],"author":[{"embeddable":true,"href":"http:\/\/clubedonicho.com.br\/en\/wp-json\/wp\/v2\/users\/1"}],"replies":[{"embeddable":true,"href":"http:\/\/clubedonicho.com.br\/en\/wp-json\/wp\/v2\/comments?post=1069"}],"version-history":[{"count":17,"href":"http:\/\/clubedonicho.com.br\/en\/wp-json\/wp\/v2\/pages\/1069\/revisions"}],"predecessor-version":[{"id":1303,"href":"http:\/\/clubedonicho.com.br\/en\/wp-json\/wp\/v2\/pages\/1069\/revisions\/1303"}],"wp:attachment":[{"href":"http:\/\/clubedonicho.com.br\/en\/wp-json\/wp\/v2\/media?parent=1069"}],"curies":[{"name":"wp","href":"https:\/\/api.w.org\/{rel}","templated":true}]}}