{"id":1079,"date":"2026-03-11T21:04:01","date_gmt":"2026-03-11T21:04:01","guid":{"rendered":"https:\/\/magnatadosrelogios.com.br\/?page_id=1079"},"modified":"2026-03-19T14:59:32","modified_gmt":"2026-03-19T14:59:32","slug":"politicas-de-entregas-e-prazos","status":"publish","type":"page","link":"http:\/\/clubedonicho.com.br\/en\/politicas-de-entregas-e-prazos\/","title":{"rendered":"Pol\u00edticas de Entregas e Prazos"},"content":{"rendered":"<div data-elementor-type=\"wp-page\" data-elementor-id=\"1079\" class=\"elementor elementor-1079\" data-elementor-post-type=\"page\">\n\t\t\t\t<div class=\"elementor-element elementor-element-6658f22e e-flex e-con-boxed e-con e-parent\" data-id=\"6658f22e\" data-element_type=\"container\" data-e-type=\"container\">\n\t\t\t\t\t<div class=\"e-con-inner\">\n\t\t\t\t<div class=\"elementor-element elementor-element-32cb76a elementor-widget elementor-widget-heading\" data-id=\"32cb76a\" data-element_type=\"widget\" data-e-type=\"widget\" data-widget_type=\"heading.default\">\n\t\t\t\t\t<h2 class=\"elementor-heading-title elementor-size-default\">Pol\u00edtica de Prazos e Entregas \u2013 Clube do Nicho<\/h2>\t\t\t\t<\/div>\n\t\t\t\t<div class=\"elementor-element elementor-element-1e230228 elementor-widget elementor-widget-text-editor\" data-id=\"1e230228\" data-element_type=\"widget\" data-e-type=\"widget\" data-widget_type=\"text-editor.default\">\n\t\t\t\t\t\t\t\t\t<p data-start=\"172\" data-end=\"408\">Comprando no Clube do Nicho, voc\u00ea recebe suas fragr\u00e2ncias com seguran\u00e7a, agilidade e total transpar\u00eancia. Trabalhamos com envios via Correios (SEDEX ou PAC) e transportadoras parceiras, garantindo uma entrega eficiente em todo o Brasil.<\/p><p data-start=\"410\" data-end=\"620\">Ap\u00f3s a confirma\u00e7\u00e3o do pagamento, voc\u00ea receber\u00e1 em seu e-mail todas as atualiza\u00e7\u00f5es do pedido, incluindo o c\u00f3digo de rastreio para acompanhamento da entrega. O c\u00f3digo \u00e9 enviado em at\u00e9 1 dia \u00fatil ap\u00f3s a postagem.<\/p><p data-start=\"622\" data-end=\"848\">Caso o pedido n\u00e3o seja entregue dentro do prazo informado no momento da compra, entre em contato com nosso atendimento atrav\u00e9s dos canais dispon\u00edveis em nosso site para que possamos verificar e resolver o mais r\u00e1pido poss\u00edvel.<\/p><h4 data-start=\"850\" data-end=\"877\"><strong data-start=\"850\" data-end=\"877\">Informa\u00e7\u00f5es Importantes<\/strong><\/h4><p data-start=\"879\" data-end=\"1019\"><strong data-start=\"879\" data-end=\"900\">1. Prazo de Postagem<\/strong><br data-start=\"900\" data-end=\"903\" \/>Ap\u00f3s a confirma\u00e7\u00e3o do pagamento, o Clube do Nicho se reserva ao prazo de 1 a 5 dias \u00fateis para a postagem do pedido.<\/p><p data-start=\"1021\" data-end=\"1115\">O prazo de entrega informado no momento da compra passa a contar a partir do envio do produto.<\/p><p data-start=\"1117\" data-end=\"1255\"><strong data-start=\"1117\" data-end=\"1141\">2. Confirma\u00e7\u00e3o de Dados<\/strong><br data-start=\"1141\" data-end=\"1144\" \/>Por motivos de seguran\u00e7a, em alguns pedidos poderemos entrar em contato via WhatsApp para confirma\u00e7\u00e3o de dados.<\/p><p data-start=\"1257\" data-end=\"1398\">Nesses casos, o envio ser\u00e1 realizado somente ap\u00f3s a valida\u00e7\u00e3o das informa\u00e7\u00f5es. O prazo de postagem passa a contar a partir dessa confirma\u00e7\u00e3o.<\/p><p data-start=\"1400\" data-end=\"1604\"><strong data-start=\"1400\" data-end=\"1431\">3. Responsabilidade na Entrega<\/strong><br data-start=\"1431\" data-end=\"1434\" \/>O Clube do Nicho se responsabiliza por ocorr\u00eancias como extravio, roubo ou furto durante o transporte, desde que devidamente confirmadas pela transportadora ap\u00f3s an\u00e1lise.<\/p><p data-start=\"1606\" data-end=\"1681\">O reembolso ou reenvio ser\u00e1 realizado somente ap\u00f3s a conclus\u00e3o da apura\u00e7\u00e3o.<\/p><p data-start=\"1683\" data-end=\"1843\"><strong data-start=\"1683\" data-end=\"1708\">4. Atrasos e Ocorr\u00eancias<\/strong><br data-start=\"1708\" data-end=\"1711\" \/>Eventuais atrasos podem ocorrer por fatores externos, como greves, condi\u00e7\u00f5es clim\u00e1ticas ou problemas log\u00edsticos das transportadoras.<\/p><p data-start=\"1845\" data-end=\"1931\">Ainda assim, nossa equipe estar\u00e1 \u00e0 disposi\u00e7\u00e3o para acompanhar e intermediar a solu\u00e7\u00e3o.<\/p><p data-start=\"1933\" data-end=\"2034\"><strong data-start=\"1933\" data-end=\"1956\">5. Endere\u00e7o de Entrega<\/strong><br data-start=\"1956\" data-end=\"1959\" \/>O preenchimento correto do endere\u00e7o \u00e9 de total responsabilidade do cliente.<\/p><p data-start=\"2036\" data-end=\"2161\">Caso o pedido retorne por erro ou insufici\u00eancia de informa\u00e7\u00f5es, o custo de um novo envio ser\u00e1 de responsabilidade do cliente.<\/p><p data-start=\"2163\" data-end=\"2345\"><strong data-start=\"2163\" data-end=\"2195\">6. Devolu\u00e7\u00e3o por Arrependimento<\/strong><br data-start=\"2195\" data-end=\"2198\" \/>A solicita\u00e7\u00e3o deve ser feita em at\u00e9 7 dias corridos ap\u00f3s o recebimento, com o produto lacrado e sem uso, conforme o C\u00f3digo de Defesa do Consumidor.<\/p><p data-start=\"2347\" data-end=\"2495\"><strong data-start=\"2347\" data-end=\"2370\">7. Avarias ou Defeitos<\/strong><br data-start=\"2370\" data-end=\"2373\" \/>Reclama\u00e7\u00f5es relacionadas a avarias, danos ou mau funcionamento devem ser feitas em at\u00e9 7 dias corridos ap\u00f3s o recebimento.<\/p><p data-start=\"2497\" data-end=\"2617\">Ap\u00f3s o retorno do produto, o Clube do Nicho poder\u00e1 realizar a an\u00e1lise em at\u00e9 30 dias para verifica\u00e7\u00e3o e solu\u00e7\u00e3o do caso.<\/p><p data-start=\"2624\" data-end=\"2722\">Estamos comprometidos em oferecer uma experi\u00eancia de compra segura, transparente e de alto padr\u00e3o.<\/p><p data-start=\"2724\" data-end=\"2801\"><strong>Em caso de d\u00favidas, nosso atendimento est\u00e1 sempre \u00e0 disposi\u00e7\u00e3o para ajudar.<\/strong><\/p>\t\t\t\t\t\t\t\t<\/div>\n\t\t\t\t\t<\/div>\n\t\t\t\t<\/div>\n\t\t\t\t<\/div>","protected":false},"excerpt":{"rendered":"<p>Pol\u00edtica de Prazos e Entregas \u2013 Clube do Nicho Comprando no Clube do Nicho, voc\u00ea recebe suas fragr\u00e2ncias com seguran\u00e7a, agilidade e total transpar\u00eancia. Trabalhamos com envios via Correios (SEDEX ou PAC) e transportadoras parceiras, garantindo uma entrega eficiente em todo o Brasil. Ap\u00f3s a confirma\u00e7\u00e3o do pagamento, voc\u00ea receber\u00e1 em seu e-mail todas as [&hellip;]<\/p>\n","protected":false},"author":1,"featured_media":0,"parent":0,"menu_order":0,"comment_status":"closed","ping_status":"closed","template":"elementor_header_footer","meta":{"footnotes":""},"class_list":["post-1079","page","type-page","status-publish","hentry"],"_links":{"self":[{"href":"http:\/\/clubedonicho.com.br\/en\/wp-json\/wp\/v2\/pages\/1079","targetHints":{"allow":["GET"]}}],"collection":[{"href":"http:\/\/clubedonicho.com.br\/en\/wp-json\/wp\/v2\/pages"}],"about":[{"href":"http:\/\/clubedonicho.com.br\/en\/wp-json\/wp\/v2\/types\/page"}],"author":[{"embeddable":true,"href":"http:\/\/clubedonicho.com.br\/en\/wp-json\/wp\/v2\/users\/1"}],"replies":[{"embeddable":true,"href":"http:\/\/clubedonicho.com.br\/en\/wp-json\/wp\/v2\/comments?post=1079"}],"version-history":[{"count":20,"href":"http:\/\/clubedonicho.com.br\/en\/wp-json\/wp\/v2\/pages\/1079\/revisions"}],"predecessor-version":[{"id":1306,"href":"http:\/\/clubedonicho.com.br\/en\/wp-json\/wp\/v2\/pages\/1079\/revisions\/1306"}],"wp:attachment":[{"href":"http:\/\/clubedonicho.com.br\/en\/wp-json\/wp\/v2\/media?parent=1079"}],"curies":[{"name":"wp","href":"https:\/\/api.w.org\/{rel}","templated":true}]}}