{"id":11,"date":"2026-01-08T19:27:06","date_gmt":"2026-01-08T19:27:06","guid":{"rendered":"https:\/\/magnatadosrelogios.com.br\/carrinho\/"},"modified":"2026-03-20T10:52:44","modified_gmt":"2026-03-20T10:52:44","slug":"carrinho","status":"publish","type":"page","link":"https:\/\/clubedonicho.com.br\/en\/carrinho\/","title":{"rendered":"Carrinho"},"content":{"rendered":"<div data-elementor-type=\"wp-page\" data-elementor-id=\"11\" class=\"elementor elementor-11\" data-elementor-post-type=\"page\">\n\t\t\t\t<div class=\"elementor-element elementor-element-393d71a e-flex e-con-boxed e-con e-parent\" data-id=\"393d71a\" data-element_type=\"container\" data-e-type=\"container\" data-settings=\"{&quot;background_background&quot;:&quot;classic&quot;}\">\n\t\t\t\t\t<div class=\"e-con-inner\">\n\t\t\t\t\t<\/div>\n\t\t\t\t<\/div>\n\t\t\t\t<\/div>","protected":false},"excerpt":{"rendered":"<p>Remover item Imagem de miniatura Produto Pre\u00e7o Quantidade Subtotal &times; Creed Carmina Eau de Parfum 75ml &#82;&#36;&nbsp;3.548,00 Creed Carmina Eau de Parfum 75ml quantidade &#82;&#36;&nbsp;3.548,00 Atualizar o carrinho Aplicar cupom Total no carrinho Subtotal &#82;&#36;&nbsp;3.548,00 Shipment Correios Sedex: &#82;&#36;&nbsp;13,63 Previs\u00e3o de entrega em at\u00e9 2 dias \u00fateis Correios Pac: &#82;&#36;&nbsp;23,55 Previs\u00e3o de entrega em at\u00e9 [&hellip;]<\/p>\n","protected":false},"author":1,"featured_media":0,"parent":0,"menu_order":0,"comment_status":"closed","ping_status":"closed","template":"elementor_header_footer","meta":{"footnotes":""},"class_list":["post-11","page","type-page","status-publish","hentry"],"_links":{"self":[{"href":"https:\/\/clubedonicho.com.br\/en\/wp-json\/wp\/v2\/pages\/11","targetHints":{"allow":["GET"]}}],"collection":[{"href":"https:\/\/clubedonicho.com.br\/en\/wp-json\/wp\/v2\/pages"}],"about":[{"href":"https:\/\/clubedonicho.com.br\/en\/wp-json\/wp\/v2\/types\/page"}],"author":[{"embeddable":true,"href":"https:\/\/clubedonicho.com.br\/en\/wp-json\/wp\/v2\/users\/1"}],"replies":[{"embeddable":true,"href":"https:\/\/clubedonicho.com.br\/en\/wp-json\/wp\/v2\/comments?post=11"}],"version-history":[{"count":40,"href":"https:\/\/clubedonicho.com.br\/en\/wp-json\/wp\/v2\/pages\/11\/revisions"}],"predecessor-version":[{"id":1318,"href":"https:\/\/clubedonicho.com.br\/en\/wp-json\/wp\/v2\/pages\/11\/revisions\/1318"}],"wp:attachment":[{"href":"https:\/\/clubedonicho.com.br\/en\/wp-json\/wp\/v2\/media?parent=11"}],"curies":[{"name":"wp","href":"https:\/\/api.w.org\/{rel}","templated":true}]}}