{"id":1272,"date":"2026-03-18T19:30:59","date_gmt":"2026-03-18T19:30:59","guid":{"rendered":"https:\/\/clubedonicho.com.br\/?post_type=product&#038;p=1272"},"modified":"2026-03-26T15:36:22","modified_gmt":"2026-03-26T15:36:22","slug":"bvlgari-le-gemme-tygar-eau-de-parfum-125ml","status":"publish","type":"product","link":"https:\/\/clubedonicho.com.br\/en\/loja\/bvlgari-le-gemme-tygar-eau-de-parfum-125ml\/","title":{"rendered":"Initio The Carnal Side Effect Eau de Parfum Spray Perfume Unissex 90ml"},"content":{"rendered":"<p>A harmonia de Tabaco, Baunilha, Rum e Canela desta fragr\u00e2ncia \u00e9 hipnotizante. Ela provoca os sentidos mais exigentes ao explorar cada uma de suas facetas &#8211; Couro, animal e a nota amadeirada da Baunilha &#8211; uma por uma. Imprudente e ousada&#8230; e emocionante. Emo\u00e7\u00f5es e paix\u00f5es profundamente enterradas tomam conta. A fragr\u00e2ncia levanta o v\u00e9u sobre o indiz\u00edvel. Este perfume apaixonado tem o poder de mergulhar quem o usa naquele estado alterado onde nada \u00e9 ousado demais porque n\u00e3o h\u00e1 mais riscos.<\/p>","protected":false},"excerpt":{"rendered":"<p>A harmonia de Tabaco, Baunilha, Rum e Canela desta fragr\u00e2ncia \u00e9 hipnotizante. Ela provoca os sentidos mais exigentes ao explorar cada uma de suas facetas &#8211; Couro, animal e a nota amadeirada da Baunilha &#8211; uma por uma. Imprudente e ousada&#8230; e emocionante. Emo\u00e7\u00f5es e paix\u00f5es profundamente enterradas tomam conta. A fragr\u00e2ncia levanta o v\u00e9u [&hellip;]<\/p>\n","protected":false},"featured_media":1407,"comment_status":"open","ping_status":"closed","template":"","meta":[],"product_brand":[],"product_cat":[20,17],"product_tag":[],"class_list":{"0":"post-1272","1":"product","2":"type-product","3":"status-publish","4":"has-post-thumbnail","6":"product_cat-perfume-compartilhavel","7":"product_cat-perfume-masculino","9":"first","10":"instock","11":"featured","12":"shipping-taxable","13":"purchasable","14":"product-type-simple"},"_links":{"self":[{"href":"https:\/\/clubedonicho.com.br\/en\/wp-json\/wp\/v2\/product\/1272","targetHints":{"allow":["GET"]}}],"collection":[{"href":"https:\/\/clubedonicho.com.br\/en\/wp-json\/wp\/v2\/product"}],"about":[{"href":"https:\/\/clubedonicho.com.br\/en\/wp-json\/wp\/v2\/types\/product"}],"replies":[{"embeddable":true,"href":"https:\/\/clubedonicho.com.br\/en\/wp-json\/wp\/v2\/comments?post=1272"}],"wp:featuredmedia":[{"embeddable":true,"href":"https:\/\/clubedonicho.com.br\/en\/wp-json\/wp\/v2\/media\/1407"}],"wp:attachment":[{"href":"https:\/\/clubedonicho.com.br\/en\/wp-json\/wp\/v2\/media?parent=1272"}],"wp:term":[{"taxonomy":"product_brand","embeddable":true,"href":"https:\/\/clubedonicho.com.br\/en\/wp-json\/wp\/v2\/product_brand?post=1272"},{"taxonomy":"product_cat","embeddable":true,"href":"https:\/\/clubedonicho.com.br\/en\/wp-json\/wp\/v2\/product_cat?post=1272"},{"taxonomy":"product_tag","embeddable":true,"href":"https:\/\/clubedonicho.com.br\/en\/wp-json\/wp\/v2\/product_tag?post=1272"}],"curies":[{"name":"wp","href":"https:\/\/api.w.org\/{rel}","templated":true}]}}