{"id":1334,"date":"2026-03-25T16:47:27","date_gmt":"2026-03-25T16:47:27","guid":{"rendered":"https:\/\/clubedonicho.com.br\/?post_type=product&#038;p=1334"},"modified":"2026-03-25T16:51:07","modified_gmt":"2026-03-25T16:51:07","slug":"perfume-initio-the-black-gold-project-oud-for-greatness-eau-de-parfum-spray-perfume-unissex-90ml","status":"publish","type":"product","link":"https:\/\/clubedonicho.com.br\/en\/loja\/perfume-initio-the-black-gold-project-oud-for-greatness-eau-de-parfum-spray-perfume-unissex-90ml\/","title":{"rendered":"Perfume Initio The Black Gold Project &#8211; Oud For Greatness Eau de Parfum Spray &#8211; Perfume Unissex 90ml"},"content":{"rendered":"<h2>DESCRI\u00c7\u00c3O COMPLETA<\/h2>\n<div class=\"texto\">\n<h2>Initio The Black Gold Project &#8211; Oud For Greatness Eau de Parfum Spray &#8211; Perfume Unissex 90ml<\/h2>\n<p>Oud for Greatness exala uma for\u00e7a da natureza, o despertar da Grandeza. A ess\u00eancia natural de Oud Wood foi aperfei\u00e7oada para este tom, tratada com majestade (e brutalidade) nesta f\u00f3rmula ousada, pouco destacada por patchouli e alm\u00edscar. Soberbamente texturizado, surpreendentemente natural, Oud foi tratado pelo criador em um registro surpreendentemente fresco (lavanda) e picante (noz-moscada, a\u00e7afr\u00e3o). Um perfume encantador e emocionante que torna poss\u00edveis todos os nossos sonhos de grandeza.<\/p>\n<\/div>","protected":false},"excerpt":{"rendered":"<p>DESCRI\u00c7\u00c3O COMPLETA Initio The Black Gold Project &#8211; Oud For Greatness Eau de Parfum Spray &#8211; Perfume Unissex 90ml Oud for Greatness exala uma for\u00e7a da natureza, o despertar da Grandeza. A ess\u00eancia natural de Oud Wood foi aperfei\u00e7oada para este tom, tratada com majestade (e brutalidade) nesta f\u00f3rmula ousada, pouco destacada por patchouli e [&hellip;]<\/p>\n","protected":false},"featured_media":1337,"comment_status":"open","ping_status":"closed","template":"","meta":[],"product_brand":[],"product_cat":[20,17],"product_tag":[],"class_list":{"0":"post-1334","1":"product","2":"type-product","3":"status-publish","4":"has-post-thumbnail","6":"product_cat-perfume-compartilhavel","7":"product_cat-perfume-masculino","9":"first","10":"instock","11":"featured","12":"shipping-taxable","13":"purchasable","14":"product-type-simple"},"_links":{"self":[{"href":"https:\/\/clubedonicho.com.br\/en\/wp-json\/wp\/v2\/product\/1334","targetHints":{"allow":["GET"]}}],"collection":[{"href":"https:\/\/clubedonicho.com.br\/en\/wp-json\/wp\/v2\/product"}],"about":[{"href":"https:\/\/clubedonicho.com.br\/en\/wp-json\/wp\/v2\/types\/product"}],"replies":[{"embeddable":true,"href":"https:\/\/clubedonicho.com.br\/en\/wp-json\/wp\/v2\/comments?post=1334"}],"wp:featuredmedia":[{"embeddable":true,"href":"https:\/\/clubedonicho.com.br\/en\/wp-json\/wp\/v2\/media\/1337"}],"wp:attachment":[{"href":"https:\/\/clubedonicho.com.br\/en\/wp-json\/wp\/v2\/media?parent=1334"}],"wp:term":[{"taxonomy":"product_brand","embeddable":true,"href":"https:\/\/clubedonicho.com.br\/en\/wp-json\/wp\/v2\/product_brand?post=1334"},{"taxonomy":"product_cat","embeddable":true,"href":"https:\/\/clubedonicho.com.br\/en\/wp-json\/wp\/v2\/product_cat?post=1334"},{"taxonomy":"product_tag","embeddable":true,"href":"https:\/\/clubedonicho.com.br\/en\/wp-json\/wp\/v2\/product_tag?post=1334"}],"curies":[{"name":"wp","href":"https:\/\/api.w.org\/{rel}","templated":true}]}}