{"id":1338,"date":"2026-03-25T17:04:14","date_gmt":"2026-03-25T17:04:14","guid":{"rendered":"https:\/\/clubedonicho.com.br\/?post_type=product&#038;p=1338"},"modified":"2026-03-25T17:27:33","modified_gmt":"2026-03-25T17:27:33","slug":"perfume-maison-francis-kurkdjian-baccarat-rouge-540-edp-unissex-200ml-spray","status":"publish","type":"product","link":"https:\/\/clubedonicho.com.br\/en\/loja\/perfume-maison-francis-kurkdjian-baccarat-rouge-540-edp-unissex-200ml-spray\/","title":{"rendered":"Perfume Maison Francis Kurkdjian Baccarat Rouge 540 EDP Unissex 200ml Spray"},"content":{"rendered":"<h2>DESCRI\u00c7\u00c3O COMPLETA<\/h2>\n<div class=\"texto\">\n<p data-start=\"215\" data-end=\"319\"><strong data-start=\"218\" data-end=\"319\">Baccarat Rouge 540 \u2013 O brilho dourado da pele. Misterioso, viciante e absolutamente inesquec\u00edvel.<\/strong><\/p>\n<p data-start=\"321\" data-end=\"668\"><strong data-start=\"323\" data-end=\"348\">Experi\u00eancia sensorial<\/strong><br data-start=\"348\" data-end=\"351\" \/><strong data-start=\"351\" data-end=\"373\">Baccarat Rouge 540<\/strong>\u00a0\u00e9 como vestir luxo invis\u00edvel. Uma aura quente e cristalina envolve o corpo, como luz refletida em vidro soprado com ouro derretido. \u00c9 o perfume que hipnotiza sem pedir licen\u00e7a. Intenso, sofisticado e com um magnetismo que atrai olhares e elogios \u2014 como se fosse uma joia rara em forma de aroma.<\/p>\n<p data-start=\"670\" data-end=\"865\">Ao us\u00e1-lo, voc\u00ea se sente poderoso(a), luminoso(a), com uma presen\u00e7a que ocupa o ambiente de forma silenciosa e marcante. Um verdadeiro \u201ccheiro de riqueza\u201d, feito para quem n\u00e3o passa despercebido.<\/p>\n<p data-start=\"867\" data-end=\"900\"><strong data-start=\"870\" data-end=\"900\">Notas olfativas explicadas<\/strong><\/p>\n<ul data-start=\"902\" data-end=\"1496\">\n<li data-start=\"902\" data-end=\"1122\">\n<p data-start=\"904\" data-end=\"1122\"><strong data-start=\"904\" data-end=\"922\">Notas de topo:<\/strong><br data-start=\"922\" data-end=\"925\" \/><strong data-start=\"925\" data-end=\"945\">Jasmim e a\u00e7afr\u00e3o<\/strong>\u00a0\u2013 Uma abertura luminosa e ex\u00f3tica. O jasmim traz frescor floral branco e delicado, enquanto o a\u00e7afr\u00e3o adiciona um calor dourado, quase especiado, como uma pele quente ao toque.<\/p>\n<\/li>\n<li data-start=\"1124\" data-end=\"1301\">\n<p data-start=\"1126\" data-end=\"1301\"><strong data-start=\"1126\" data-end=\"1147\">Notas de cora\u00e7\u00e3o:<\/strong><br data-start=\"1147\" data-end=\"1150\" \/><strong data-start=\"1150\" data-end=\"1177\">\u00c2mbar gris e \u00e2mbar seco<\/strong>\u00a0\u2013 Uma base salgada e quente, levemente mineral. D\u00e1 profundidade e sensualidade, como um v\u00e9u de calor que se mistura \u00e0 pele.<\/p>\n<\/li>\n<li data-start=\"1303\" data-end=\"1496\">\n<p data-start=\"1305\" data-end=\"1496\"><strong data-start=\"1305\" data-end=\"1324\">Notas de fundo:<\/strong><br data-start=\"1324\" data-end=\"1327\" \/><strong data-start=\"1327\" data-end=\"1354\">Cedro e resina de abeto<\/strong>\u00a0\u2013 Um fundo amadeirado cristalino, limpo e refinado, que confere estrutura e longa dura\u00e7\u00e3o ao perfume, com um toque levemente doce e resinoso.<\/p>\n<\/li>\n<\/ul>\n<\/div>","protected":false},"excerpt":{"rendered":"<p>DESCRI\u00c7\u00c3O COMPLETA Baccarat Rouge 540 \u2013 O brilho dourado da pele. Misterioso, viciante e absolutamente inesquec\u00edvel. Experi\u00eancia sensorialBaccarat Rouge 540\u00a0\u00e9 como vestir luxo invis\u00edvel. Uma aura quente e cristalina envolve o corpo, como luz refletida em vidro soprado com ouro derretido. \u00c9 o perfume que hipnotiza sem pedir licen\u00e7a. Intenso, sofisticado e com um magnetismo [&hellip;]<\/p>\n","protected":false},"featured_media":1339,"comment_status":"open","ping_status":"closed","template":"","meta":[],"product_brand":[],"product_cat":[20,18,17],"product_tag":[],"class_list":{"0":"post-1338","1":"product","2":"type-product","3":"status-publish","4":"has-post-thumbnail","6":"product_cat-perfume-compartilhavel","7":"product_cat-perfume-feminino","8":"product_cat-perfume-masculino","10":"first","11":"instock","12":"featured","13":"shipping-taxable","14":"purchasable","15":"product-type-simple"},"_links":{"self":[{"href":"https:\/\/clubedonicho.com.br\/en\/wp-json\/wp\/v2\/product\/1338","targetHints":{"allow":["GET"]}}],"collection":[{"href":"https:\/\/clubedonicho.com.br\/en\/wp-json\/wp\/v2\/product"}],"about":[{"href":"https:\/\/clubedonicho.com.br\/en\/wp-json\/wp\/v2\/types\/product"}],"replies":[{"embeddable":true,"href":"https:\/\/clubedonicho.com.br\/en\/wp-json\/wp\/v2\/comments?post=1338"}],"wp:featuredmedia":[{"embeddable":true,"href":"https:\/\/clubedonicho.com.br\/en\/wp-json\/wp\/v2\/media\/1339"}],"wp:attachment":[{"href":"https:\/\/clubedonicho.com.br\/en\/wp-json\/wp\/v2\/media?parent=1338"}],"wp:term":[{"taxonomy":"product_brand","embeddable":true,"href":"https:\/\/clubedonicho.com.br\/en\/wp-json\/wp\/v2\/product_brand?post=1338"},{"taxonomy":"product_cat","embeddable":true,"href":"https:\/\/clubedonicho.com.br\/en\/wp-json\/wp\/v2\/product_cat?post=1338"},{"taxonomy":"product_tag","embeddable":true,"href":"https:\/\/clubedonicho.com.br\/en\/wp-json\/wp\/v2\/product_tag?post=1338"}],"curies":[{"name":"wp","href":"https:\/\/api.w.org\/{rel}","templated":true}]}}