{"id":1355,"date":"2026-03-25T18:20:53","date_gmt":"2026-03-25T18:20:53","guid":{"rendered":"https:\/\/clubedonicho.com.br\/?post_type=product&#038;p=1355"},"modified":"2026-05-10T23:27:05","modified_gmt":"2026-05-10T23:27:05","slug":"perfume-sospiro-vibrato-eau-de-parfum-100ml","status":"publish","type":"product","link":"https:\/\/clubedonicho.com.br\/en\/loja\/perfume-sospiro-vibrato-eau-de-parfum-100ml\/","title":{"rendered":"Perfume Sospiro Vibrato Eau de Parfum 100ml"},"content":{"rendered":"<h2>DESCRI\u00c7\u00c3O COMPLETA<\/h2>\n<div class=\"texto\">\n<p data-start=\"215\" data-end=\"319\">Vibrato\u00a0de\u00a0Sospiro Perfumes\u00a0\u00e9 um perfume Compartilh\u00e1vel. Esta \u00e9 uma nova fragr\u00e2ncia.\u00a0Vibrato\u00a0foi lan\u00e7ada em 2022. O perfumista que assina esta fragr\u00e2ncia \u00e9 Christian Provenzano. As notas de topo s\u00e3o: Toranja, Bergamota, Jasmim e Magn\u00f3lia. As notas de cora\u00e7\u00e3o s\u00e3o: Gengibre, Notas Herbais e Notas Atalcadas. As notas de fundo s\u00e3o: Alm\u00edscar, Cedro, \u00c2mbar, Ra\u00edz de Orris e Patchouli.<\/p>\n<\/div>","protected":false},"excerpt":{"rendered":"<p>DESCRI\u00c7\u00c3O COMPLETA Vibrato\u00a0de\u00a0Sospiro Perfumes\u00a0\u00e9 um perfume Compartilh\u00e1vel. Esta \u00e9 uma nova fragr\u00e2ncia.\u00a0Vibrato\u00a0foi lan\u00e7ada em 2022. O perfumista que assina esta fragr\u00e2ncia \u00e9 Christian Provenzano. As notas de topo s\u00e3o: Toranja, Bergamota, Jasmim e Magn\u00f3lia. As notas de cora\u00e7\u00e3o s\u00e3o: Gengibre, Notas Herbais e Notas Atalcadas. As notas de fundo s\u00e3o: Alm\u00edscar, Cedro, \u00c2mbar, Ra\u00edz de [&hellip;]<\/p>\n","protected":false},"featured_media":1356,"comment_status":"open","ping_status":"closed","template":"","meta":[],"product_brand":[],"product_cat":[20,17],"product_tag":[],"class_list":{"0":"post-1355","1":"product","2":"type-product","3":"status-publish","4":"has-post-thumbnail","6":"product_cat-perfume-compartilhavel","7":"product_cat-perfume-masculino","9":"first","10":"instock","11":"featured","12":"shipping-taxable","13":"purchasable","14":"product-type-simple"},"_links":{"self":[{"href":"https:\/\/clubedonicho.com.br\/en\/wp-json\/wp\/v2\/product\/1355","targetHints":{"allow":["GET"]}}],"collection":[{"href":"https:\/\/clubedonicho.com.br\/en\/wp-json\/wp\/v2\/product"}],"about":[{"href":"https:\/\/clubedonicho.com.br\/en\/wp-json\/wp\/v2\/types\/product"}],"replies":[{"embeddable":true,"href":"https:\/\/clubedonicho.com.br\/en\/wp-json\/wp\/v2\/comments?post=1355"}],"wp:featuredmedia":[{"embeddable":true,"href":"https:\/\/clubedonicho.com.br\/en\/wp-json\/wp\/v2\/media\/1356"}],"wp:attachment":[{"href":"https:\/\/clubedonicho.com.br\/en\/wp-json\/wp\/v2\/media?parent=1355"}],"wp:term":[{"taxonomy":"product_brand","embeddable":true,"href":"https:\/\/clubedonicho.com.br\/en\/wp-json\/wp\/v2\/product_brand?post=1355"},{"taxonomy":"product_cat","embeddable":true,"href":"https:\/\/clubedonicho.com.br\/en\/wp-json\/wp\/v2\/product_cat?post=1355"},{"taxonomy":"product_tag","embeddable":true,"href":"https:\/\/clubedonicho.com.br\/en\/wp-json\/wp\/v2\/product_tag?post=1355"}],"curies":[{"name":"wp","href":"https:\/\/api.w.org\/{rel}","templated":true}]}}