{"id":1383,"date":"2026-03-25T20:33:46","date_gmt":"2026-03-25T20:33:46","guid":{"rendered":"https:\/\/clubedonicho.com.br\/?post_type=product&#038;p=1383"},"modified":"2026-05-10T23:27:05","modified_gmt":"2026-05-10T23:27:05","slug":"perfume-casamorati-mefisto-compartilhado-eau-de-parfum","status":"publish","type":"product","link":"https:\/\/clubedonicho.com.br\/en\/loja\/perfume-casamorati-mefisto-compartilhado-eau-de-parfum\/","title":{"rendered":"Perfume Casamorati Mefisto Compartilhado Eau de Parfum"},"content":{"rendered":"<h2>DESCRI\u00c7\u00c3O COMPLETA<\/h2>\n<div class=\"texto\">\n<p data-start=\"215\" data-end=\"319\"><strong>Casamorati Mefist<\/strong><strong>o<\/strong>\u00a0\u00e9 um perfume compartilhado fresco, elegante e classicamente sofisticado, criado para quem aprecia fragr\u00e2ncias barbershop modernas com um toque luxuoso. Esta composi\u00e7\u00e3o arom\u00e1tica c\u00edtrica combina frescor mediterr\u00e2neo, flores refinadas e um fundo amadeirado cremoso, resultando em uma assinatura limpa, aristocr\u00e1tica e irresistivelmente encantadora.<\/p>\n<p><strong>Para Quem \u00c9<\/strong><br \/>\nIdeal para pessoas que gostam de fragr\u00e2ncias frescas, tradicionais e ao mesmo tempo elegantes. Perfeito para quem busca um perfume compartilhado que una leveza c\u00edtrica, sofistica\u00e7\u00e3o floral e um acabamento amadeirado impec\u00e1vel.<\/p>\n<p><strong>Quando Usar<\/strong><br \/>\nExcelente para o dia a dia, ambientes profissionais, momentos ao ar livre, encontros casuais e todas as ocasi\u00f5es em que voc\u00ea deseja transmitir frescor refinado, eleg\u00e2ncia discreta e charme atemporal.<\/p>\n<p><strong>Notas Olfativas<\/strong><br \/>\nNotas de Topo: Lim\u00e3o da Cal\u00e1bria, Toranja e Bergamota, Flores de Lavanda<br \/>\nNotas de Cora\u00e7\u00e3o: Rosa, \u00cdris<br \/>\nNotas de Base: Alm\u00edscar, Cedro, Madeira de \u00c2mbar<\/p>\n<\/div>","protected":false},"excerpt":{"rendered":"<p>DESCRI\u00c7\u00c3O COMPLETA Casamorati Mefisto\u00a0\u00e9 um perfume compartilhado fresco, elegante e classicamente sofisticado, criado para quem aprecia fragr\u00e2ncias barbershop modernas com um toque luxuoso. Esta composi\u00e7\u00e3o arom\u00e1tica c\u00edtrica combina frescor mediterr\u00e2neo, flores refinadas e um fundo amadeirado cremoso, resultando em uma assinatura limpa, aristocr\u00e1tica e irresistivelmente encantadora. Para Quem \u00c9 Ideal para pessoas que gostam de [&hellip;]<\/p>\n","protected":false},"featured_media":1389,"comment_status":"open","ping_status":"closed","template":"","meta":[],"product_brand":[],"product_cat":[20,17],"product_tag":[],"class_list":{"0":"post-1383","1":"product","2":"type-product","3":"status-publish","4":"has-post-thumbnail","6":"product_cat-perfume-compartilhavel","7":"product_cat-perfume-masculino","9":"first","10":"instock","11":"featured","12":"shipping-taxable","13":"purchasable","14":"product-type-simple"},"_links":{"self":[{"href":"https:\/\/clubedonicho.com.br\/en\/wp-json\/wp\/v2\/product\/1383","targetHints":{"allow":["GET"]}}],"collection":[{"href":"https:\/\/clubedonicho.com.br\/en\/wp-json\/wp\/v2\/product"}],"about":[{"href":"https:\/\/clubedonicho.com.br\/en\/wp-json\/wp\/v2\/types\/product"}],"replies":[{"embeddable":true,"href":"https:\/\/clubedonicho.com.br\/en\/wp-json\/wp\/v2\/comments?post=1383"}],"wp:featuredmedia":[{"embeddable":true,"href":"https:\/\/clubedonicho.com.br\/en\/wp-json\/wp\/v2\/media\/1389"}],"wp:attachment":[{"href":"https:\/\/clubedonicho.com.br\/en\/wp-json\/wp\/v2\/media?parent=1383"}],"wp:term":[{"taxonomy":"product_brand","embeddable":true,"href":"https:\/\/clubedonicho.com.br\/en\/wp-json\/wp\/v2\/product_brand?post=1383"},{"taxonomy":"product_cat","embeddable":true,"href":"https:\/\/clubedonicho.com.br\/en\/wp-json\/wp\/v2\/product_cat?post=1383"},{"taxonomy":"product_tag","embeddable":true,"href":"https:\/\/clubedonicho.com.br\/en\/wp-json\/wp\/v2\/product_tag?post=1383"}],"curies":[{"name":"wp","href":"https:\/\/api.w.org\/{rel}","templated":true}]}}