{"id":1408,"date":"2026-03-26T15:21:02","date_gmt":"2026-03-26T15:21:02","guid":{"rendered":"https:\/\/clubedonicho.com.br\/?post_type=product&#038;p=1408"},"modified":"2026-05-10T23:27:05","modified_gmt":"2026-05-10T23:27:05","slug":"initio-hedonist-collection-paragon-extrait-de-parfum-spray-90ml","status":"publish","type":"product","link":"https:\/\/clubedonicho.com.br\/en\/loja\/initio-hedonist-collection-paragon-extrait-de-parfum-spray-90ml\/","title":{"rendered":"Initio Hedonist Collection Paragon Extrait De Parfum Spray 90ml"},"content":{"rendered":"<p>Initio Paragon \u00e9 um perfume amadeirado especiado compartilh\u00e1vel, lan\u00e7ado em 2022, focado em serenidade, prote\u00e7\u00e3o e sofistica\u00e7\u00e3o. Combina palo santo, s\u00e1lvia branca e lavanda, criando uma aura m\u00edstica e energ\u00e9tica, com notas de ameixa e s\u00e2ndalo. \u00c9 descrito como uma fragr\u00e2ncia envolvente, luxuosa, de longa dura\u00e7\u00e3o e alta fixa\u00e7\u00e3o.<\/p>\n<p>Caracter\u00edsticas Principais:<br \/>\nFam\u00edlia Olfativa: Amadeirado Especiado Compartilh\u00e1vel.<br \/>\nNotas de Topo: Lavanda, S\u00e1lvia e Bergamota.<br \/>\nNotas de Cora\u00e7\u00e3o: Palo Santo, Ameixa e Pimenta Preta.<br \/>\nNotas de Fundo: S\u00e2ndalo e Agarwood (Oud).<br \/>\nSensa\u00e7\u00e3o: Acalmador, purificador e, ao mesmo tempo, sedutor e intenso.<br \/>\nPerformance: Proje\u00e7\u00e3o not\u00e1vel nas primeiras horas e excelente fixa\u00e7\u00e3o, podendo superar 12 horas.<\/p>\n<p>Paragon \u00e9 ideal para quem busca uma fragr\u00e2ncia de nicho que equilibra conforto com uma presen\u00e7a marcante e elegante, sendo perfeito para diversas ocasi\u00f5es.<\/p>","protected":false},"excerpt":{"rendered":"<p>Initio Paragon \u00e9 um perfume amadeirado especiado compartilh\u00e1vel, lan\u00e7ado em 2022, focado em serenidade, prote\u00e7\u00e3o e sofistica\u00e7\u00e3o. Combina palo santo, s\u00e1lvia branca e lavanda, criando uma aura m\u00edstica e energ\u00e9tica, com notas de ameixa e s\u00e2ndalo. \u00c9 descrito como uma fragr\u00e2ncia envolvente, luxuosa, de longa dura\u00e7\u00e3o e alta fixa\u00e7\u00e3o. Caracter\u00edsticas Principais: Fam\u00edlia Olfativa: Amadeirado Especiado [&hellip;]<\/p>\n","protected":false},"featured_media":1410,"comment_status":"open","ping_status":"closed","template":"","meta":[],"product_brand":[],"product_cat":[20,17],"product_tag":[],"class_list":{"0":"post-1408","1":"product","2":"type-product","3":"status-publish","4":"has-post-thumbnail","6":"product_cat-perfume-compartilhavel","7":"product_cat-perfume-masculino","9":"first","10":"instock","11":"featured","12":"shipping-taxable","13":"purchasable","14":"product-type-simple"},"_links":{"self":[{"href":"https:\/\/clubedonicho.com.br\/en\/wp-json\/wp\/v2\/product\/1408","targetHints":{"allow":["GET"]}}],"collection":[{"href":"https:\/\/clubedonicho.com.br\/en\/wp-json\/wp\/v2\/product"}],"about":[{"href":"https:\/\/clubedonicho.com.br\/en\/wp-json\/wp\/v2\/types\/product"}],"replies":[{"embeddable":true,"href":"https:\/\/clubedonicho.com.br\/en\/wp-json\/wp\/v2\/comments?post=1408"}],"wp:featuredmedia":[{"embeddable":true,"href":"https:\/\/clubedonicho.com.br\/en\/wp-json\/wp\/v2\/media\/1410"}],"wp:attachment":[{"href":"https:\/\/clubedonicho.com.br\/en\/wp-json\/wp\/v2\/media?parent=1408"}],"wp:term":[{"taxonomy":"product_brand","embeddable":true,"href":"https:\/\/clubedonicho.com.br\/en\/wp-json\/wp\/v2\/product_brand?post=1408"},{"taxonomy":"product_cat","embeddable":true,"href":"https:\/\/clubedonicho.com.br\/en\/wp-json\/wp\/v2\/product_cat?post=1408"},{"taxonomy":"product_tag","embeddable":true,"href":"https:\/\/clubedonicho.com.br\/en\/wp-json\/wp\/v2\/product_tag?post=1408"}],"curies":[{"name":"wp","href":"https:\/\/api.w.org\/{rel}","templated":true}]}}