{"id":1411,"date":"2026-03-26T15:36:29","date_gmt":"2026-03-26T15:36:29","guid":{"rendered":"https:\/\/clubedonicho.com.br\/?post_type=product&#038;p=1411"},"modified":"2026-05-10T23:26:36","modified_gmt":"2026-05-10T23:26:36","slug":"initio-the-magnetic-magnetic-blend-7-eau-de-parfum-spray-perfume-unissex-90ml","status":"publish","type":"product","link":"https:\/\/clubedonicho.com.br\/en\/loja\/initio-the-magnetic-magnetic-blend-7-eau-de-parfum-spray-perfume-unissex-90ml\/","title":{"rendered":"Initio The Magnetic &#8211; Magnetic Blend 7 Eau de Parfum Spray &#8211; Perfume Unissex 90ml"},"content":{"rendered":"<p><strong>Initio The Magnetic &#8211; Magnetic Blend 7<\/strong><\/p>\n<p>O puro mist\u00e9rio de uma mol\u00e9cula infundida com o poder de ferom\u00f4nio do animal alm\u00edscar.<\/p>\n<p>Profundamente sensual e almiscarada, Initio Parfums Prives Magnetic Blend 7 \u00e9 uma fragr\u00e2ncia luxuosa que te leva ao \u00eaxtase.<\/p>\n<p>Initio Magnetic Blend 7 \u00e9 uma fragr\u00e2ncia unissex amadeirada almiscarada, lan\u00e7ada em 2015, conhecida por sua sensualidade intensa e foco no alm\u00edscar animal, projetada para criar uma &#8220;atra\u00e7\u00e3o magn\u00e9tica&#8221;. \u00c9 um perfume de nicho, frequentemente descrito como profundo e misterioso, ideal para uso noturno, com excelente fixa\u00e7\u00e3o.<\/p>","protected":false},"excerpt":{"rendered":"<p>Initio The Magnetic &#8211; Magnetic Blend 7 O puro mist\u00e9rio de uma mol\u00e9cula infundida com o poder de ferom\u00f4nio do animal alm\u00edscar. Profundamente sensual e almiscarada, Initio Parfums Prives Magnetic Blend 7 \u00e9 uma fragr\u00e2ncia luxuosa que te leva ao \u00eaxtase. Initio Magnetic Blend 7 \u00e9 uma fragr\u00e2ncia unissex amadeirada almiscarada, lan\u00e7ada em 2015, conhecida [&hellip;]<\/p>\n","protected":false},"featured_media":1414,"comment_status":"open","ping_status":"closed","template":"","meta":[],"product_brand":[],"product_cat":[20,17],"product_tag":[],"class_list":{"0":"post-1411","1":"product","2":"type-product","3":"status-publish","4":"has-post-thumbnail","6":"product_cat-perfume-compartilhavel","7":"product_cat-perfume-masculino","9":"first","10":"instock","11":"featured","12":"shipping-taxable","13":"purchasable","14":"product-type-simple"},"_links":{"self":[{"href":"https:\/\/clubedonicho.com.br\/en\/wp-json\/wp\/v2\/product\/1411","targetHints":{"allow":["GET"]}}],"collection":[{"href":"https:\/\/clubedonicho.com.br\/en\/wp-json\/wp\/v2\/product"}],"about":[{"href":"https:\/\/clubedonicho.com.br\/en\/wp-json\/wp\/v2\/types\/product"}],"replies":[{"embeddable":true,"href":"https:\/\/clubedonicho.com.br\/en\/wp-json\/wp\/v2\/comments?post=1411"}],"wp:featuredmedia":[{"embeddable":true,"href":"https:\/\/clubedonicho.com.br\/en\/wp-json\/wp\/v2\/media\/1414"}],"wp:attachment":[{"href":"https:\/\/clubedonicho.com.br\/en\/wp-json\/wp\/v2\/media?parent=1411"}],"wp:term":[{"taxonomy":"product_brand","embeddable":true,"href":"https:\/\/clubedonicho.com.br\/en\/wp-json\/wp\/v2\/product_brand?post=1411"},{"taxonomy":"product_cat","embeddable":true,"href":"https:\/\/clubedonicho.com.br\/en\/wp-json\/wp\/v2\/product_cat?post=1411"},{"taxonomy":"product_tag","embeddable":true,"href":"https:\/\/clubedonicho.com.br\/en\/wp-json\/wp\/v2\/product_tag?post=1411"}],"curies":[{"name":"wp","href":"https:\/\/api.w.org\/{rel}","templated":true}]}}