{"id":1415,"date":"2026-03-26T15:42:38","date_gmt":"2026-03-26T15:42:38","guid":{"rendered":"https:\/\/clubedonicho.com.br\/?post_type=product&#038;p=1415"},"modified":"2026-05-10T23:26:37","modified_gmt":"2026-05-10T23:26:37","slug":"nishane-ani-extrait-de-parfum-unissex-100ml","status":"publish","type":"product","link":"https:\/\/clubedonicho.com.br\/en\/loja\/nishane-ani-extrait-de-parfum-unissex-100ml\/","title":{"rendered":"Nishane Ani Extrait de Parfum Unissex 100ml"},"content":{"rendered":"<h2>DESCRI\u00c7\u00c3O COMPLETA<\/h2>\n<div class=\"texto\">\n<p data-start=\"215\" data-end=\"319\">Celebrado pelos amantes da perfumaria como o melhor perfume de baunilha, vem se tornando um perfume ic\u00f4nico. Este perfume \u00e9 dedicado a derrubar qualquer fronteira entre as pessoas e capacitar quem o usa a construir seu pr\u00f3prio imp\u00e9rio.<\/p>\n<p data-start=\"215\" data-end=\"319\">Ani de Nishane \u00e9 um perfume \u00c2mbar Floral Compartilh\u00e1vel. Esta \u00e9 uma nova fragr\u00e2ncia. Ani foi lan\u00e7ado em 2019. O perfumista que assina esta fragr\u00e2ncia \u00e9 Cecile Zarokian As notas de topo s\u00e3o Gengibre, Bergamota, Pimenta rosa e Notas Verdes as notas de cora\u00e7\u00e3o s\u00e3o Cardamomo, Cassis ou groselha preta e Rosa Turca as notas de fundo s\u00e3o Baunilha, S\u00e2ndalo, Benjoim, Cedro, Patchouli ou Oriza, \u00c2mbar Cinzento e Alm\u00edscar.<\/p>\n<\/div>","protected":false},"excerpt":{"rendered":"<p>DESCRI\u00c7\u00c3O COMPLETA Celebrado pelos amantes da perfumaria como o melhor perfume de baunilha, vem se tornando um perfume ic\u00f4nico. Este perfume \u00e9 dedicado a derrubar qualquer fronteira entre as pessoas e capacitar quem o usa a construir seu pr\u00f3prio imp\u00e9rio. Ani de Nishane \u00e9 um perfume \u00c2mbar Floral Compartilh\u00e1vel. Esta \u00e9 uma nova fragr\u00e2ncia. Ani [&hellip;]<\/p>\n","protected":false},"featured_media":1418,"comment_status":"open","ping_status":"closed","template":"","meta":[],"product_brand":[],"product_cat":[20,18,17],"product_tag":[],"class_list":{"0":"post-1415","1":"product","2":"type-product","3":"status-publish","4":"has-post-thumbnail","6":"product_cat-perfume-compartilhavel","7":"product_cat-perfume-feminino","8":"product_cat-perfume-masculino","10":"first","11":"instock","12":"featured","13":"shipping-taxable","14":"purchasable","15":"product-type-simple"},"_links":{"self":[{"href":"https:\/\/clubedonicho.com.br\/en\/wp-json\/wp\/v2\/product\/1415","targetHints":{"allow":["GET"]}}],"collection":[{"href":"https:\/\/clubedonicho.com.br\/en\/wp-json\/wp\/v2\/product"}],"about":[{"href":"https:\/\/clubedonicho.com.br\/en\/wp-json\/wp\/v2\/types\/product"}],"replies":[{"embeddable":true,"href":"https:\/\/clubedonicho.com.br\/en\/wp-json\/wp\/v2\/comments?post=1415"}],"wp:featuredmedia":[{"embeddable":true,"href":"https:\/\/clubedonicho.com.br\/en\/wp-json\/wp\/v2\/media\/1418"}],"wp:attachment":[{"href":"https:\/\/clubedonicho.com.br\/en\/wp-json\/wp\/v2\/media?parent=1415"}],"wp:term":[{"taxonomy":"product_brand","embeddable":true,"href":"https:\/\/clubedonicho.com.br\/en\/wp-json\/wp\/v2\/product_brand?post=1415"},{"taxonomy":"product_cat","embeddable":true,"href":"https:\/\/clubedonicho.com.br\/en\/wp-json\/wp\/v2\/product_cat?post=1415"},{"taxonomy":"product_tag","embeddable":true,"href":"https:\/\/clubedonicho.com.br\/en\/wp-json\/wp\/v2\/product_tag?post=1415"}],"curies":[{"name":"wp","href":"https:\/\/api.w.org\/{rel}","templated":true}]}}