{"id":1419,"date":"2026-03-26T15:51:45","date_gmt":"2026-03-26T15:51:45","guid":{"rendered":"https:\/\/clubedonicho.com.br\/?post_type=product&#038;p=1419"},"modified":"2026-05-10T23:19:28","modified_gmt":"2026-05-10T23:19:28","slug":"nishane-hacivat-x-extrait-de-parfum-100ml","status":"publish","type":"product","link":"https:\/\/clubedonicho.com.br\/en\/loja\/nishane-hacivat-x-extrait-de-parfum-100ml\/","title":{"rendered":"Nishane Hacivat X Extrait De Parfum 100ml"},"content":{"rendered":"<h2>DESCRI\u00c7\u00c3O COMPLETA<\/h2>\n<div class=\"texto\">\n<p>Hacivat X de Nishane \u00e9 um perfume C\u00edtrico Chipre Amadeirado Compartilh\u00e1vel.<br \/>\nHacivat X \u00e9 a nova interpreta\u00e7\u00e3o do sucesso global da Nishane, Hacivat (lan\u00e7ado em 2017), prestando homenagem ao personagem tradicional do teatro de sombras com uma estrutura chipre que exala eleg\u00e2ncia, compet\u00eancia e amor pela arte. Esta fragr\u00e2ncia \u00e9 uma celebra\u00e7\u00e3o da vida, com notas estimulantes de abacaxi e bergamota apoiadas por notas amadeiradas. Apresenta notas de topo de abacaxi suculento, bergamota picante e pimenta rosa picante, levando a um cora\u00e7\u00e3o de lima refrescante, jasmim delicado e flor de laranjeira. As notas de base incluem patchouli terroso, cedro amadeirado e vetiver do Haiti.<\/p>\n<p>FAM\u00cdLIA OLFATVA: C\u00edtrico Chipre Amadeirado<br \/>\nNotas de Cabe\u00e7a: Abacaxi, Bergamota e Pimenta Rosa<br \/>\nNotas de Cora\u00e7\u00e3o: Lima, Flor de Laranjeira Tunisiana e Jasmim<br \/>\nNotas de Fundo: Vetiver do Haiti, Patchouli e Cedro.<\/p>\n<\/div>","protected":false},"excerpt":{"rendered":"<p>DESCRI\u00c7\u00c3O COMPLETA Hacivat X de Nishane \u00e9 um perfume C\u00edtrico Chipre Amadeirado Compartilh\u00e1vel. Hacivat X \u00e9 a nova interpreta\u00e7\u00e3o do sucesso global da Nishane, Hacivat (lan\u00e7ado em 2017), prestando homenagem ao personagem tradicional do teatro de sombras com uma estrutura chipre que exala eleg\u00e2ncia, compet\u00eancia e amor pela arte. Esta fragr\u00e2ncia \u00e9 uma celebra\u00e7\u00e3o da [&hellip;]<\/p>\n","protected":false},"featured_media":1423,"comment_status":"open","ping_status":"closed","template":"","meta":[],"product_brand":[],"product_cat":[20,17],"product_tag":[],"class_list":{"0":"post-1419","1":"product","2":"type-product","3":"status-publish","4":"has-post-thumbnail","6":"product_cat-perfume-compartilhavel","7":"product_cat-perfume-masculino","9":"first","10":"instock","11":"featured","12":"shipping-taxable","13":"purchasable","14":"product-type-simple"},"_links":{"self":[{"href":"https:\/\/clubedonicho.com.br\/en\/wp-json\/wp\/v2\/product\/1419","targetHints":{"allow":["GET"]}}],"collection":[{"href":"https:\/\/clubedonicho.com.br\/en\/wp-json\/wp\/v2\/product"}],"about":[{"href":"https:\/\/clubedonicho.com.br\/en\/wp-json\/wp\/v2\/types\/product"}],"replies":[{"embeddable":true,"href":"https:\/\/clubedonicho.com.br\/en\/wp-json\/wp\/v2\/comments?post=1419"}],"wp:featuredmedia":[{"embeddable":true,"href":"https:\/\/clubedonicho.com.br\/en\/wp-json\/wp\/v2\/media\/1423"}],"wp:attachment":[{"href":"https:\/\/clubedonicho.com.br\/en\/wp-json\/wp\/v2\/media?parent=1419"}],"wp:term":[{"taxonomy":"product_brand","embeddable":true,"href":"https:\/\/clubedonicho.com.br\/en\/wp-json\/wp\/v2\/product_brand?post=1419"},{"taxonomy":"product_cat","embeddable":true,"href":"https:\/\/clubedonicho.com.br\/en\/wp-json\/wp\/v2\/product_cat?post=1419"},{"taxonomy":"product_tag","embeddable":true,"href":"https:\/\/clubedonicho.com.br\/en\/wp-json\/wp\/v2\/product_tag?post=1419"}],"curies":[{"name":"wp","href":"https:\/\/api.w.org\/{rel}","templated":true}]}}