{"id":1424,"date":"2026-03-26T15:58:03","date_gmt":"2026-03-26T15:58:03","guid":{"rendered":"https:\/\/clubedonicho.com.br\/?post_type=product&#038;p=1424"},"modified":"2026-05-10T23:27:05","modified_gmt":"2026-05-10T23:27:05","slug":"perfume-nishane-wulong-cha-extrait-de-parfum-unissex-100ml","status":"publish","type":"product","link":"https:\/\/clubedonicho.com.br\/en\/loja\/perfume-nishane-wulong-cha-extrait-de-parfum-unissex-100ml\/","title":{"rendered":"Perfume Nishane Wulong Cha  Extrait De Parfum Unissex 100ml"},"content":{"rendered":"<h2>DESCRI\u00c7\u00c3O COMPLETA<\/h2>\n<div class=\"texto\">\n<p>Nishane Wulong Cha \u2013 A eleg\u00e2ncia serena do ch\u00e1 em uma fragr\u00e2ncia.<br \/>\nUm convite \u00e0 tranquilidade e ao refinamento em cada borrifada.<\/p>\n<p>Experi\u00eancia sensorial<br \/>\nImagine uma tarde calma em um tradicional sal\u00e3o de ch\u00e1 asi\u00e1tico, onde o aroma delicado das folhas de ch\u00e1 preto se mistura ao frescor suave das ervas e flores ao redor. Nishane Wulong Cha transporta voc\u00ea para esse momento de pausa e contempla\u00e7\u00e3o.<\/p>\n<p>Essa fragr\u00e2ncia traz uma sensa\u00e7\u00e3o de serenidade e sofistica\u00e7\u00e3o, evocando o ritual do ch\u00e1 como um instante de equil\u00edbrio e prazer sensorial. Ela envolve a pele com uma aura fresca, limpa e elegantemente arom\u00e1tica, perfeita para quem aprecia os detalhes da vida.<\/p>\n<p>Notas olfativas explicadas<br \/>\nNotas de topo:<br \/>\nLim\u00e3o, bergamota e folhas de ch\u00e1 \u2013 Uma abertura fresca e c\u00edtrica que desperta os sentidos com pureza e leveza.<\/p>\n<p>Notas de cora\u00e7\u00e3o:<br \/>\nJasmim, lavanda e folhas verdes \u2013 Um cora\u00e7\u00e3o floral suave e herbal que traz um toque de frescor natural e delicado.<\/p>\n<p>Notas de fundo:<br \/>\nCedro, alm\u00edscar branco e \u00e2mbar \u2013 Uma base amadeirada e cremosa que confere profundidade e um acabamento aconchegante \u00e0 fragr\u00e2ncia.<\/p>\n<\/div>","protected":false},"excerpt":{"rendered":"<p>DESCRI\u00c7\u00c3O COMPLETA Nishane Wulong Cha \u2013 A eleg\u00e2ncia serena do ch\u00e1 em uma fragr\u00e2ncia. Um convite \u00e0 tranquilidade e ao refinamento em cada borrifada. Experi\u00eancia sensorial Imagine uma tarde calma em um tradicional sal\u00e3o de ch\u00e1 asi\u00e1tico, onde o aroma delicado das folhas de ch\u00e1 preto se mistura ao frescor suave das ervas e flores [&hellip;]<\/p>\n","protected":false},"featured_media":1427,"comment_status":"open","ping_status":"closed","template":"","meta":[],"product_brand":[],"product_cat":[20,18,17],"product_tag":[],"class_list":{"0":"post-1424","1":"product","2":"type-product","3":"status-publish","4":"has-post-thumbnail","6":"product_cat-perfume-compartilhavel","7":"product_cat-perfume-feminino","8":"product_cat-perfume-masculino","10":"first","11":"instock","12":"featured","13":"shipping-taxable","14":"purchasable","15":"product-type-simple"},"_links":{"self":[{"href":"https:\/\/clubedonicho.com.br\/en\/wp-json\/wp\/v2\/product\/1424","targetHints":{"allow":["GET"]}}],"collection":[{"href":"https:\/\/clubedonicho.com.br\/en\/wp-json\/wp\/v2\/product"}],"about":[{"href":"https:\/\/clubedonicho.com.br\/en\/wp-json\/wp\/v2\/types\/product"}],"replies":[{"embeddable":true,"href":"https:\/\/clubedonicho.com.br\/en\/wp-json\/wp\/v2\/comments?post=1424"}],"wp:featuredmedia":[{"embeddable":true,"href":"https:\/\/clubedonicho.com.br\/en\/wp-json\/wp\/v2\/media\/1427"}],"wp:attachment":[{"href":"https:\/\/clubedonicho.com.br\/en\/wp-json\/wp\/v2\/media?parent=1424"}],"wp:term":[{"taxonomy":"product_brand","embeddable":true,"href":"https:\/\/clubedonicho.com.br\/en\/wp-json\/wp\/v2\/product_brand?post=1424"},{"taxonomy":"product_cat","embeddable":true,"href":"https:\/\/clubedonicho.com.br\/en\/wp-json\/wp\/v2\/product_cat?post=1424"},{"taxonomy":"product_tag","embeddable":true,"href":"https:\/\/clubedonicho.com.br\/en\/wp-json\/wp\/v2\/product_tag?post=1424"}],"curies":[{"name":"wp","href":"https:\/\/api.w.org\/{rel}","templated":true}]}}