{"id":1428,"date":"2026-03-26T16:07:27","date_gmt":"2026-03-26T16:07:27","guid":{"rendered":"https:\/\/clubedonicho.com.br\/?post_type=product&#038;p=1428"},"modified":"2026-05-10T23:27:05","modified_gmt":"2026-05-10T23:27:05","slug":"parfums-de-marly-castley-eau-de-parfum-perfume-masculino-125ml","status":"publish","type":"product","link":"https:\/\/clubedonicho.com.br\/en\/loja\/parfums-de-marly-castley-eau-de-parfum-perfume-masculino-125ml\/","title":{"rendered":"Parfums de Marly Castley Eau de Parfum &#8211; Perfume Masculino 125ml"},"content":{"rendered":"<p data-start=\"98\" data-end=\"395\">Parfums de Marly Castley \u00e9 um perfume masculino amadeirado com frescor elegante e presen\u00e7a marcante. Sofisticado, moderno e ideal para assinatura di\u00e1ria.<\/p>","protected":false},"excerpt":{"rendered":"<p>Parfums de Marly Castley \u00e9 um perfume masculino amadeirado com frescor elegante e presen\u00e7a marcante. Sofisticado, moderno e ideal para assinatura di\u00e1ria.<\/p>","protected":false},"featured_media":1434,"comment_status":"open","ping_status":"closed","template":"","meta":[],"product_brand":[],"product_cat":[17],"product_tag":[],"class_list":{"0":"post-1428","1":"product","2":"type-product","3":"status-publish","4":"has-post-thumbnail","6":"product_cat-perfume-masculino","8":"first","9":"instock","10":"featured","11":"shipping-taxable","12":"purchasable","13":"product-type-simple"},"_links":{"self":[{"href":"https:\/\/clubedonicho.com.br\/en\/wp-json\/wp\/v2\/product\/1428","targetHints":{"allow":["GET"]}}],"collection":[{"href":"https:\/\/clubedonicho.com.br\/en\/wp-json\/wp\/v2\/product"}],"about":[{"href":"https:\/\/clubedonicho.com.br\/en\/wp-json\/wp\/v2\/types\/product"}],"replies":[{"embeddable":true,"href":"https:\/\/clubedonicho.com.br\/en\/wp-json\/wp\/v2\/comments?post=1428"}],"wp:featuredmedia":[{"embeddable":true,"href":"https:\/\/clubedonicho.com.br\/en\/wp-json\/wp\/v2\/media\/1434"}],"wp:attachment":[{"href":"https:\/\/clubedonicho.com.br\/en\/wp-json\/wp\/v2\/media?parent=1428"}],"wp:term":[{"taxonomy":"product_brand","embeddable":true,"href":"https:\/\/clubedonicho.com.br\/en\/wp-json\/wp\/v2\/product_brand?post=1428"},{"taxonomy":"product_cat","embeddable":true,"href":"https:\/\/clubedonicho.com.br\/en\/wp-json\/wp\/v2\/product_cat?post=1428"},{"taxonomy":"product_tag","embeddable":true,"href":"https:\/\/clubedonicho.com.br\/en\/wp-json\/wp\/v2\/product_tag?post=1428"}],"curies":[{"name":"wp","href":"https:\/\/api.w.org\/{rel}","templated":true}]}}