{"id":1435,"date":"2026-03-26T16:14:12","date_gmt":"2026-03-26T16:14:12","guid":{"rendered":"https:\/\/clubedonicho.com.br\/?post_type=product&#038;p=1435"},"modified":"2026-05-10T23:27:05","modified_gmt":"2026-05-10T23:27:05","slug":"parfums-de-marly-greenley-eau-de-parfum-perfume-masculino-125ml","status":"publish","type":"product","link":"https:\/\/clubedonicho.com.br\/en\/loja\/parfums-de-marly-greenley-eau-de-parfum-perfume-masculino-125ml\/","title":{"rendered":"Parfums de Marly Greenley Eau de Parfum &#8211; Perfume Masculino 125ml"},"content":{"rendered":"<p>Greenley \u00e9 acondicionado em um frasco verde escultural refletindo pura energia e frescor da primavera. Sua assinatura olfativa atrai a natureza para criar um alegre turbilh\u00e3o de frutas, citrus, casca e l\u00e1tex que cainha para uma surpresa crocante de ma\u00e7\u00e3 verde picante. Com ousada justaposi\u00e7\u00e3o dos mais finos materiais da natureza, ele \u00e9 uma fragr\u00e2ncia masculina rica, projetada para resistir ao teste do tempo.<\/p>\n<p>&nbsp;<\/p>\n<p><strong>FAM\u00cdLIA OLFATIVA<\/strong><\/p>\n<p>Chipre<\/p>\n<p><strong>NOTAS DE CABE\u00c7A<\/strong><\/p>\n<p>Bergamota Siciliana, Mandarina, Ma\u00e7\u00e3 Verde, Madeira de Cashmera<\/p>\n<p><strong>NOTAS DE CORA\u00c7\u00c3O<\/strong><\/p>\n<p>Madeira de Cedro, Petit Grain, Violeta, Pomarose<\/p>\n<p><strong>NOTAS DE FUNDO<\/strong><\/p>\n<p>Musgo de Carvalho, Musk, Acorde de \u00c2mbar<\/p>","protected":false},"excerpt":{"rendered":"<p>Greenley \u00e9 acondicionado em um frasco verde escultural refletindo pura energia e frescor da primavera. Sua assinatura olfativa atrai a natureza para criar um alegre turbilh\u00e3o de frutas, citrus, casca e l\u00e1tex que cainha para uma surpresa crocante de ma\u00e7\u00e3 verde picante. Com ousada justaposi\u00e7\u00e3o dos mais finos materiais da natureza, ele \u00e9 uma fragr\u00e2ncia [&hellip;]<\/p>\n","protected":false},"featured_media":1438,"comment_status":"open","ping_status":"closed","template":"","meta":[],"product_brand":[],"product_cat":[17],"product_tag":[],"class_list":{"0":"post-1435","1":"product","2":"type-product","3":"status-publish","4":"has-post-thumbnail","6":"product_cat-perfume-masculino","8":"first","9":"instock","10":"featured","11":"shipping-taxable","12":"purchasable","13":"product-type-simple"},"_links":{"self":[{"href":"https:\/\/clubedonicho.com.br\/en\/wp-json\/wp\/v2\/product\/1435","targetHints":{"allow":["GET"]}}],"collection":[{"href":"https:\/\/clubedonicho.com.br\/en\/wp-json\/wp\/v2\/product"}],"about":[{"href":"https:\/\/clubedonicho.com.br\/en\/wp-json\/wp\/v2\/types\/product"}],"replies":[{"embeddable":true,"href":"https:\/\/clubedonicho.com.br\/en\/wp-json\/wp\/v2\/comments?post=1435"}],"wp:featuredmedia":[{"embeddable":true,"href":"https:\/\/clubedonicho.com.br\/en\/wp-json\/wp\/v2\/media\/1438"}],"wp:attachment":[{"href":"https:\/\/clubedonicho.com.br\/en\/wp-json\/wp\/v2\/media?parent=1435"}],"wp:term":[{"taxonomy":"product_brand","embeddable":true,"href":"https:\/\/clubedonicho.com.br\/en\/wp-json\/wp\/v2\/product_brand?post=1435"},{"taxonomy":"product_cat","embeddable":true,"href":"https:\/\/clubedonicho.com.br\/en\/wp-json\/wp\/v2\/product_cat?post=1435"},{"taxonomy":"product_tag","embeddable":true,"href":"https:\/\/clubedonicho.com.br\/en\/wp-json\/wp\/v2\/product_tag?post=1435"}],"curies":[{"name":"wp","href":"https:\/\/api.w.org\/{rel}","templated":true}]}}