{"id":1439,"date":"2026-03-26T16:18:52","date_gmt":"2026-03-26T16:18:52","guid":{"rendered":"https:\/\/clubedonicho.com.br\/?post_type=product&#038;p=1439"},"modified":"2026-05-10T23:27:05","modified_gmt":"2026-05-10T23:27:05","slug":"parfums-de-marly-layton-eau-de-parfum-perfume-unissex-125ml","status":"publish","type":"product","link":"https:\/\/clubedonicho.com.br\/en\/loja\/parfums-de-marly-layton-eau-de-parfum-perfume-unissex-125ml\/","title":{"rendered":"Parfums de Marly Layton Eau de Parfum &#8211; Perfume Unissex 125ml"},"content":{"rendered":"<p data-start=\"98\" data-end=\"395\">Layton \u00e9 um perfume Parfums de Marly unissex oriental floral. Um aroma aprimorado pela eleg\u00e2ncia natural da Pimenta Rosa. O perfume Layton Parfums de Marly possui uma assinatura olfativa intensa. Os tons quentes de \u00e2mbar conferem riqueza ao cora\u00e7\u00e3o picante enquanto uma secagem de madeiras preciosas e baunilha aumentam ainda mais a opul\u00eancia da fragr\u00e2ncia.<\/p>","protected":false},"excerpt":{"rendered":"<p>Layton \u00e9 um perfume Parfums de Marly unissex oriental floral. Um aroma aprimorado pela eleg\u00e2ncia natural da Pimenta Rosa. O perfume Layton Parfums de Marly possui uma assinatura olfativa intensa. Os tons quentes de \u00e2mbar conferem riqueza ao cora\u00e7\u00e3o picante enquanto uma secagem de madeiras preciosas e baunilha aumentam ainda mais a opul\u00eancia da fragr\u00e2ncia.<\/p>","protected":false},"featured_media":1441,"comment_status":"open","ping_status":"closed","template":"","meta":[],"product_brand":[],"product_cat":[20,18,17],"product_tag":[],"class_list":{"0":"post-1439","1":"product","2":"type-product","3":"status-publish","4":"has-post-thumbnail","6":"product_cat-perfume-compartilhavel","7":"product_cat-perfume-feminino","8":"product_cat-perfume-masculino","10":"first","11":"instock","12":"featured","13":"shipping-taxable","14":"purchasable","15":"product-type-simple"},"_links":{"self":[{"href":"https:\/\/clubedonicho.com.br\/en\/wp-json\/wp\/v2\/product\/1439","targetHints":{"allow":["GET"]}}],"collection":[{"href":"https:\/\/clubedonicho.com.br\/en\/wp-json\/wp\/v2\/product"}],"about":[{"href":"https:\/\/clubedonicho.com.br\/en\/wp-json\/wp\/v2\/types\/product"}],"replies":[{"embeddable":true,"href":"https:\/\/clubedonicho.com.br\/en\/wp-json\/wp\/v2\/comments?post=1439"}],"wp:featuredmedia":[{"embeddable":true,"href":"https:\/\/clubedonicho.com.br\/en\/wp-json\/wp\/v2\/media\/1441"}],"wp:attachment":[{"href":"https:\/\/clubedonicho.com.br\/en\/wp-json\/wp\/v2\/media?parent=1439"}],"wp:term":[{"taxonomy":"product_brand","embeddable":true,"href":"https:\/\/clubedonicho.com.br\/en\/wp-json\/wp\/v2\/product_brand?post=1439"},{"taxonomy":"product_cat","embeddable":true,"href":"https:\/\/clubedonicho.com.br\/en\/wp-json\/wp\/v2\/product_cat?post=1439"},{"taxonomy":"product_tag","embeddable":true,"href":"https:\/\/clubedonicho.com.br\/en\/wp-json\/wp\/v2\/product_tag?post=1439"}],"curies":[{"name":"wp","href":"https:\/\/api.w.org\/{rel}","templated":true}]}}