{"id":1442,"date":"2026-03-26T16:21:41","date_gmt":"2026-03-26T16:21:41","guid":{"rendered":"https:\/\/clubedonicho.com.br\/?post_type=product&#038;p=1442"},"modified":"2026-05-10T23:27:05","modified_gmt":"2026-05-10T23:27:05","slug":"parfums-de-marly-percival-eau-de-parfum-perfume-unissex-125ml","status":"publish","type":"product","link":"https:\/\/clubedonicho.com.br\/en\/loja\/parfums-de-marly-percival-eau-de-parfum-perfume-unissex-125ml\/","title":{"rendered":"Parfums de Marly Percival Eau de Parfum &#8211; Perfume Unissex 125ml"},"content":{"rendered":"<p data-start=\"98\" data-end=\"395\">Percival \u00e9 a fragr\u00e2ncia da Parfums de Marly que traduz frescor, eleg\u00e2ncia e modernidade em uma assinatura olfativa vibrante.<\/p>\n<div class=\"produto-data-tipos--categoria\">\n<div class=\"categoria\"><\/div>\n<div class=\"marca\">\n<p class=\"nome_marca nome_marca-js\"><strong>fam\u00edlia olfativa<\/strong><\/p>\n<\/div>\n<\/div>\n<div class=\"produto-data-tipos--familia\">\n<div class=\"familia-olfativa\">\n<p>Arom\u00e1tico Fresco<\/p>\n<\/div>\n<div class=\"notas-olfativas\">\n<h3>notas olfativas<\/h3>\n<p class=\"notadetopo\">Notas de Topo: Bergamota, Mandarina<\/p>\n<p class=\"notadecorpo\">Notas de Corpo: Lavanda, Violeta, Ger\u00e2nio<\/p>\n<p class=\"notadefundo\">Notas de Fundo: Alm\u00edscar, \u00c2mbar, Madeiras Claras<\/p>\n<\/div>\n<\/div>","protected":false},"excerpt":{"rendered":"<p>Percival \u00e9 a fragr\u00e2ncia da Parfums de Marly que traduz frescor, eleg\u00e2ncia e modernidade em uma assinatura olfativa vibrante. fam\u00edlia olfativa Arom\u00e1tico Fresco notas olfativas Notas de Topo: Bergamota, Mandarina Notas de Corpo: Lavanda, Violeta, Ger\u00e2nio Notas de Fundo: Alm\u00edscar, \u00c2mbar, Madeiras Claras<\/p>","protected":false},"featured_media":1444,"comment_status":"open","ping_status":"closed","template":"","meta":[],"product_brand":[],"product_cat":[20,18,17],"product_tag":[],"class_list":{"0":"post-1442","1":"product","2":"type-product","3":"status-publish","4":"has-post-thumbnail","6":"product_cat-perfume-compartilhavel","7":"product_cat-perfume-feminino","8":"product_cat-perfume-masculino","10":"first","11":"instock","12":"featured","13":"shipping-taxable","14":"purchasable","15":"product-type-simple"},"_links":{"self":[{"href":"https:\/\/clubedonicho.com.br\/en\/wp-json\/wp\/v2\/product\/1442","targetHints":{"allow":["GET"]}}],"collection":[{"href":"https:\/\/clubedonicho.com.br\/en\/wp-json\/wp\/v2\/product"}],"about":[{"href":"https:\/\/clubedonicho.com.br\/en\/wp-json\/wp\/v2\/types\/product"}],"replies":[{"embeddable":true,"href":"https:\/\/clubedonicho.com.br\/en\/wp-json\/wp\/v2\/comments?post=1442"}],"wp:featuredmedia":[{"embeddable":true,"href":"https:\/\/clubedonicho.com.br\/en\/wp-json\/wp\/v2\/media\/1444"}],"wp:attachment":[{"href":"https:\/\/clubedonicho.com.br\/en\/wp-json\/wp\/v2\/media?parent=1442"}],"wp:term":[{"taxonomy":"product_brand","embeddable":true,"href":"https:\/\/clubedonicho.com.br\/en\/wp-json\/wp\/v2\/product_brand?post=1442"},{"taxonomy":"product_cat","embeddable":true,"href":"https:\/\/clubedonicho.com.br\/en\/wp-json\/wp\/v2\/product_cat?post=1442"},{"taxonomy":"product_tag","embeddable":true,"href":"https:\/\/clubedonicho.com.br\/en\/wp-json\/wp\/v2\/product_tag?post=1442"}],"curies":[{"name":"wp","href":"https:\/\/api.w.org\/{rel}","templated":true}]}}