{"id":1445,"date":"2026-03-26T16:27:07","date_gmt":"2026-03-26T16:27:07","guid":{"rendered":"https:\/\/clubedonicho.com.br\/?post_type=product&#038;p=1445"},"modified":"2026-05-10T23:27:05","modified_gmt":"2026-05-10T23:27:05","slug":"nishane-wulong-cha-x-extrait-de-parfum-perfume-unissex-100ml","status":"publish","type":"product","link":"https:\/\/clubedonicho.com.br\/en\/loja\/nishane-wulong-cha-x-extrait-de-parfum-perfume-unissex-100ml\/","title":{"rendered":"Nishane Wulong Cha X Extrait De Parfum &#8211; Perfume Unissex 100ml"},"content":{"rendered":"<p><span style=\"font-size: 16px;\">Wulong Cha X de Nishane \u00e9 um perfume Compartilh\u00e1vel. Esta \u00e9 uma nova fragr\u00e2ncia. Wulong Cha X foi lan\u00e7ada em 2023. O perfumista que assina esta fragr\u00e2ncia \u00e9 Julien Rasquinet. As notas de topo s\u00e3o: Bergamota, Yuzu, Litsea cubeba e Mandarina. As notas de cora\u00e7\u00e3o s\u00e3o: Magn\u00f3lia, Ch\u00e1 Verde e Tomilho. As notas de fundo s\u00e3o: Figo e Alm\u00edscar.Esta fragr\u00e2ncia abre com uma explos\u00e3o de notas c\u00edtricas picantes de bergamota, laranja, tangerina e yuzu, transportando o utilizador para as margens ensolaradas do Mediterr\u00e2neo<\/span><\/p>","protected":false},"excerpt":{"rendered":"<p>Wulong Cha X de Nishane \u00e9 um perfume Compartilh\u00e1vel. Esta \u00e9 uma nova fragr\u00e2ncia. Wulong Cha X foi lan\u00e7ada em 2023. O perfumista que assina esta fragr\u00e2ncia \u00e9 Julien Rasquinet. As notas de topo s\u00e3o: Bergamota, Yuzu, Litsea cubeba e Mandarina. As notas de cora\u00e7\u00e3o s\u00e3o: Magn\u00f3lia, Ch\u00e1 Verde e Tomilho. As notas de fundo [&hellip;]<\/p>\n","protected":false},"featured_media":1448,"comment_status":"open","ping_status":"closed","template":"","meta":[],"product_brand":[],"product_cat":[20,18,17],"product_tag":[],"class_list":{"0":"post-1445","1":"product","2":"type-product","3":"status-publish","4":"has-post-thumbnail","6":"product_cat-perfume-compartilhavel","7":"product_cat-perfume-feminino","8":"product_cat-perfume-masculino","10":"first","11":"instock","12":"featured","13":"shipping-taxable","14":"purchasable","15":"product-type-simple"},"_links":{"self":[{"href":"https:\/\/clubedonicho.com.br\/en\/wp-json\/wp\/v2\/product\/1445","targetHints":{"allow":["GET"]}}],"collection":[{"href":"https:\/\/clubedonicho.com.br\/en\/wp-json\/wp\/v2\/product"}],"about":[{"href":"https:\/\/clubedonicho.com.br\/en\/wp-json\/wp\/v2\/types\/product"}],"replies":[{"embeddable":true,"href":"https:\/\/clubedonicho.com.br\/en\/wp-json\/wp\/v2\/comments?post=1445"}],"wp:featuredmedia":[{"embeddable":true,"href":"https:\/\/clubedonicho.com.br\/en\/wp-json\/wp\/v2\/media\/1448"}],"wp:attachment":[{"href":"https:\/\/clubedonicho.com.br\/en\/wp-json\/wp\/v2\/media?parent=1445"}],"wp:term":[{"taxonomy":"product_brand","embeddable":true,"href":"https:\/\/clubedonicho.com.br\/en\/wp-json\/wp\/v2\/product_brand?post=1445"},{"taxonomy":"product_cat","embeddable":true,"href":"https:\/\/clubedonicho.com.br\/en\/wp-json\/wp\/v2\/product_cat?post=1445"},{"taxonomy":"product_tag","embeddable":true,"href":"https:\/\/clubedonicho.com.br\/en\/wp-json\/wp\/v2\/product_tag?post=1445"}],"curies":[{"name":"wp","href":"https:\/\/api.w.org\/{rel}","templated":true}]}}