{"id":1449,"date":"2026-03-26T16:31:14","date_gmt":"2026-03-26T16:31:14","guid":{"rendered":"https:\/\/clubedonicho.com.br\/?post_type=product&#038;p=1449"},"modified":"2026-05-10T23:27:06","modified_gmt":"2026-05-10T23:27:06","slug":"initio-the-carnal-atomic-rose-eau-de-parfum-spray-perfume-unissex-90ml","status":"publish","type":"product","link":"https:\/\/clubedonicho.com.br\/en\/loja\/initio-the-carnal-atomic-rose-eau-de-parfum-spray-perfume-unissex-90ml\/","title":{"rendered":"Initio The Carnal &#8211; Atomic Rose Eau de Parfum Spray &#8211; Perfume Unissex 90ml"},"content":{"rendered":"<p>Uma rosa difratada em um perfume de poder fenomenal. Uma explos\u00e3o olfativa com uma carga emocional.Atomic Rose\u00a0de\u00a0Initio Parfums Prives\u00a0\u00e9 um perfume \u00c2mbar Floral Compartilh\u00e1vel.\u00a0Atomic Rose\u00a0foi lan\u00e7ada em 2019. As notas de topo s\u00e3o: Pimenta Rosa e Bergamota. As notas de cora\u00e7\u00e3o s\u00e3o: Rosa B\u00falgara, Rosa Turca e Jasmim Eg\u00edpcio. As notas de fundo s\u00e3o: Baunilha de Madagascar e \u00c2mbar.<\/p>","protected":false},"excerpt":{"rendered":"<p>Uma rosa difratada em um perfume de poder fenomenal. Uma explos\u00e3o olfativa com uma carga emocional.Atomic Rose\u00a0de\u00a0Initio Parfums Prives\u00a0\u00e9 um perfume \u00c2mbar Floral Compartilh\u00e1vel.\u00a0Atomic Rose\u00a0foi lan\u00e7ada em 2019. As notas de topo s\u00e3o: Pimenta Rosa e Bergamota. As notas de cora\u00e7\u00e3o s\u00e3o: Rosa B\u00falgara, Rosa Turca e Jasmim Eg\u00edpcio. As notas de fundo s\u00e3o: Baunilha [&hellip;]<\/p>\n","protected":false},"featured_media":1452,"comment_status":"open","ping_status":"closed","template":"","meta":[],"product_brand":[],"product_cat":[20,18,17],"product_tag":[],"class_list":{"0":"post-1449","1":"product","2":"type-product","3":"status-publish","4":"has-post-thumbnail","6":"product_cat-perfume-compartilhavel","7":"product_cat-perfume-feminino","8":"product_cat-perfume-masculino","10":"first","11":"instock","12":"featured","13":"shipping-taxable","14":"purchasable","15":"product-type-simple"},"_links":{"self":[{"href":"https:\/\/clubedonicho.com.br\/en\/wp-json\/wp\/v2\/product\/1449","targetHints":{"allow":["GET"]}}],"collection":[{"href":"https:\/\/clubedonicho.com.br\/en\/wp-json\/wp\/v2\/product"}],"about":[{"href":"https:\/\/clubedonicho.com.br\/en\/wp-json\/wp\/v2\/types\/product"}],"replies":[{"embeddable":true,"href":"https:\/\/clubedonicho.com.br\/en\/wp-json\/wp\/v2\/comments?post=1449"}],"wp:featuredmedia":[{"embeddable":true,"href":"https:\/\/clubedonicho.com.br\/en\/wp-json\/wp\/v2\/media\/1452"}],"wp:attachment":[{"href":"https:\/\/clubedonicho.com.br\/en\/wp-json\/wp\/v2\/media?parent=1449"}],"wp:term":[{"taxonomy":"product_brand","embeddable":true,"href":"https:\/\/clubedonicho.com.br\/en\/wp-json\/wp\/v2\/product_brand?post=1449"},{"taxonomy":"product_cat","embeddable":true,"href":"https:\/\/clubedonicho.com.br\/en\/wp-json\/wp\/v2\/product_cat?post=1449"},{"taxonomy":"product_tag","embeddable":true,"href":"https:\/\/clubedonicho.com.br\/en\/wp-json\/wp\/v2\/product_tag?post=1449"}],"curies":[{"name":"wp","href":"https:\/\/api.w.org\/{rel}","templated":true}]}}